{"id":5,"date":"2014-04-04T17:58:24","date_gmt":"2014-04-04T17:58:24","guid":{"rendered":"http:\/\/hamidi-it.de\/?page_id=5"},"modified":"2014-04-04T20:14:18","modified_gmt":"2014-04-04T18:14:18","slug":"leistung","status":"publish","type":"page","link":"https:\/\/hamidi-it.de\/","title":{"rendered":"Leistung"},"content":{"rendered":"<p><strong>Java EE, PHP und .NET\/.NET Compact Framework<\/strong><br \/>\nOb bei der Umsetzung von neuen Projekten oder bei der Anpassung und Erweiterung von bestehenden Anwendungen, gerne helfe ich Ihnen direkt oder eingebettet in Ihr bestehendes Entwicklerteam, bei der Verwirklichung Ihrer Ideen.<br \/>\n<strong><br \/>\nKonzeption und Pflichtenhefterstellung<\/strong><br \/>\nVor der Umsetzung steht die Analyse Ihrer Anforderungen und die Erarbeitung eines tragf\u00e4higen Konzeptes, in dem sich die von Ihnen ben\u00f6tigten Abl\u00e4ufe widerspiegeln. Ich hole Sie ab, denke mich in Ihr Gesch\u00e4ftsfeld ein und erarbeite mit Ihnen ein Konzept, mit besonderen Augenmerk auf Erweiter- sowie Wartbarkeit im Ergebnis.<\/p>\n","protected":false},"excerpt":{"rendered":"<p>Java EE, PHP und .NET\/.NET Compact Framework Ob bei der Umsetzung von neuen Projekten oder bei der Anpassung und Erweiterung von bestehenden Anwendungen, gerne helfe ich Ihnen direkt oder eingebettet in Ihr bestehendes Entwicklerteam, bei der Verwirklichung Ihrer Ideen. Konzeption &hellip;<\/p>\n<p class=\"read-more\"> <a class=\"more-link\" href=\"https:\/\/hamidi-it.de\/\"> <span class=\"screen-reader-text\">Leistung<\/span> Read More &raquo;<\/a><\/p>\n","protected":false},"author":1,"featured_media":0,"parent":0,"menu_order":0,"comment_status":"closed","ping_status":"closed","template":"","meta":[],"_links":{"self":[{"href":"https:\/\/hamidi-it.de\/index.php?rest_route=\/wp\/v2\/pages\/5"}],"collection":[{"href":"https:\/\/hamidi-it.de\/index.php?rest_route=\/wp\/v2\/pages"}],"about":[{"href":"https:\/\/hamidi-it.de\/index.php?rest_route=\/wp\/v2\/types\/page"}],"author":[{"embeddable":true,"href":"https:\/\/hamidi-it.de\/index.php?rest_route=\/wp\/v2\/users\/1"}],"replies":[{"embeddable":true,"href":"https:\/\/hamidi-it.de\/index.php?rest_route=%2Fwp%2Fv2%2Fcomments&post=5"}],"version-history":[{"count":2,"href":"https:\/\/hamidi-it.de\/index.php?rest_route=\/wp\/v2\/pages\/5\/revisions"}],"predecessor-version":[{"id":7,"href":"https:\/\/hamidi-it.de\/index.php?rest_route=\/wp\/v2\/pages\/5\/revisions\/7"}],"wp:attachment":[{"href":"https:\/\/hamidi-it.de\/index.php?rest_route=%2Fwp%2Fv2%2Fmedia&parent=5"}],"curies":[{"name":"wp","href":"https:\/\/api.w.org\/{rel}","templated":true}]}}